{"id":19525,"date":"2021-10-04T13:36:20","date_gmt":"2021-10-04T13:36:20","guid":{"rendered":"https:\/\/www.uruguay.edu.uy\/web\/?page_id=19525"},"modified":"2022-01-27T02:53:42","modified_gmt":"2022-01-27T05:53:42","slug":"nosotros","status":"publish","type":"page","link":"https:\/\/www.uruguay.edu.uy\/web\/nosotros\/","title":{"rendered":"Nosotros"},"content":{"rendered":"\t\t<div data-elementor-type=\"wp-page\" data-elementor-id=\"19525\" class=\"elementor elementor-19525\" data-elementor-settings=\"[]\">\n\t\t\t\t\t\t\t<div class=\"elementor-section-wrap\">\n\t\t\t\t\t\t\t<section class=\"elementor-section elementor-top-section elementor-element elementor-element-f03232e elementor-section-boxed elementor-section-gap-beside-yes elementor-section-height-default elementor-section-height-default elementor-section-column-vertical-align-stretch\" data-id=\"f03232e\" data-element_type=\"section\">\n\t\t\t\t\t\t<div class=\"elementor-container elementor-column-gap-extended\">\n\t\t\t\t\t<div class=\"elementor-column elementor-col-100 elementor-top-column elementor-element elementor-element-af1399a\" data-id=\"af1399a\" data-element_type=\"column\">\n\t\t\t<div class=\"elementor-widget-wrap elementor-element-populated\">\n\t\t\t\t\t\t\t\t<div class=\"elementor-element elementor-element-2bf676e elementor-widget elementor-widget-tm-typed-headline\" data-id=\"2bf676e\" data-element_type=\"widget\" data-widget_type=\"tm-typed-headline.default\">\n\t\t\t\t<div class=\"elementor-widget-container\">\n\t\t\t\t\t<div class=\"tm-typed-headline\">\n\t\t\t<h1 class=\"edumall-headline\">\t\t\t\t\t<span class=\"headline-part headline-before-text\">\n\t\t\tQuienes somos\t\t<\/span>\n\t\t\t\t\t\t\t\t\t\t\t<\/h1>\t\t<\/div>\n\t\t\t\t<\/div>\n\t\t\t\t<\/div>\n\t\t\t\t<div class=\"elementor-element elementor-element-8ca7d09 elementor-widget elementor-widget-spacer\" data-id=\"8ca7d09\" data-element_type=\"widget\" data-widget_type=\"spacer.default\">\n\t\t\t\t<div class=\"elementor-widget-container\">\n\t\t\t\t\t<div class=\"elementor-spacer\">\n\t\t\t<div class=\"elementor-spacer-inner\"><\/div>\n\t\t<\/div>\n\t\t\t\t<\/div>\n\t\t\t\t<\/div>\n\t\t\t\t\t<\/div>\n\t\t<\/div>\n\t\t\t\t\t\t\t<\/div>\n\t\t<\/section>\n\t\t\t\t<section class=\"elementor-section elementor-top-section elementor-element elementor-element-e58d5de elementor-section-boxed elementor-section-gap-beside-yes elementor-section-height-default elementor-section-height-default elementor-section-column-vertical-align-stretch\" data-id=\"e58d5de\" data-element_type=\"section\" data-settings=\"{&quot;background_background&quot;:&quot;classic&quot;}\">\n\t\t\t\t\t\t<div class=\"elementor-container elementor-column-gap-extended\">\n\t\t\t\t\t<div class=\"elementor-column elementor-col-100 elementor-top-column elementor-element elementor-element-1c2b757\" data-id=\"1c2b757\" data-element_type=\"column\">\n\t\t\t<div class=\"elementor-widget-wrap elementor-element-populated\">\n\t\t\t\t\t\t\t\t<div class=\"elementor-element elementor-element-61440a1 elementor-widget elementor-widget-text-editor\" data-id=\"61440a1\" data-element_type=\"widget\" data-widget_type=\"text-editor.default\">\n\t\t\t\t<div class=\"elementor-widget-container\">\n\t\t\t<style>\/*! elementor - v3.5.6 - 28-02-2022 *\/\n.elementor-widget-text-editor.elementor-drop-cap-view-stacked .elementor-drop-cap{background-color:#818a91;color:#fff}.elementor-widget-text-editor.elementor-drop-cap-view-framed .elementor-drop-cap{color:#818a91;border:3px solid;background-color:transparent}.elementor-widget-text-editor:not(.elementor-drop-cap-view-default) .elementor-drop-cap{margin-top:8px}.elementor-widget-text-editor:not(.elementor-drop-cap-view-default) .elementor-drop-cap-letter{width:1em;height:1em}.elementor-widget-text-editor .elementor-drop-cap{float:left;text-align:center;line-height:1;font-size:50px}.elementor-widget-text-editor .elementor-drop-cap-letter{display:inline-block}<\/style>\t\t\t\t<p><strong>Uruguay.edu<\/strong> es una instituci\u00f3n educativa con sede en la ciudad de Rivera, con presencia en todo el departamento y en constante expansi\u00f3n, que busca brindar soluciones educativas de calidad y al alcance de todos.<\/p><p>El compromiso institucional se pone de manifiesto con los alumnos y su entorno, generando un espacio de aprendizaje y desarrollo donde se estimula de forma permanente el inter\u00e9s por el conocimiento, brindando herramientas para el desarrollo personal, acompa\u00f1ando el proceso de crecimiento y orientando su formaci\u00f3n a la concreci\u00f3n y a la producci\u00f3n; con el equipo humano que la compone, generando un ambiente de trabajo din\u00e1mico y desafiante, estimulando su crecimiento y desarrollo, a la vez que reconociendo los valores intr\u00ednsecos de cada persona, m\u00e1s all\u00e1 de la funci\u00f3n que cumple; y con la sociedad, brindando posibilidades de educaci\u00f3n para todos, a trav\u00e9s del desarrollo de proyectos de incidencia tanto a nivel comunitario como de individuos.<\/p><p>Nuestro cursos se caracterizan por ser 100% pr\u00e1cticos y enfocados a una r\u00e1pida inserci\u00f3n laboral, as\u00ed como el desarrollo tanto individual como empresarial de las peque\u00f1as y medianas empresas que nos eligen para capacitar a su personal. A lo largo de estos 6 a\u00f1os de experiencia hemos ido incorporando propuestas de estudios en las m\u00e1s diversas \u00e1reas para j\u00f3venes, ni\u00f1os y adultos fomentando el desarrollo individual y de nuestra comunidad.<\/p>\t\t\t\t\t\t<\/div>\n\t\t\t\t<\/div>\n\t\t\t\t\t<\/div>\n\t\t<\/div>\n\t\t\t\t\t\t\t<\/div>\n\t\t<\/section>\n\t\t\t\t<section class=\"elementor-section elementor-top-section elementor-element elementor-element-9bc216c elementor-section-boxed elementor-section-gap-beside-yes elementor-section-height-default elementor-section-height-default elementor-section-column-vertical-align-stretch\" data-id=\"9bc216c\" data-element_type=\"section\">\n\t\t\t\t\t\t<div class=\"elementor-container elementor-column-gap-extended\">\n\t\t\t\t\t<div class=\"elementor-column elementor-col-100 elementor-top-column elementor-element elementor-element-743cedf\" data-id=\"743cedf\" data-element_type=\"column\">\n\t\t\t<div class=\"elementor-widget-wrap elementor-element-populated\">\n\t\t\t\t\t\t\t\t<div class=\"elementor-element elementor-element-10b89ff elementor-widget elementor-widget-google_maps\" data-id=\"10b89ff\" data-element_type=\"widget\" data-widget_type=\"google_maps.default\">\n\t\t\t\t<div class=\"elementor-widget-container\">\n\t\t\t<style>\/*! elementor - v3.5.6 - 28-02-2022 *\/\n.elementor-widget-google_maps .elementor-widget-container{overflow:hidden}.elementor-widget-google_maps iframe{height:300px}<\/style>\t\t<div class=\"elementor-custom-embed\">\n\t\t\t<iframe frameborder=\"0\" scrolling=\"no\" marginheight=\"0\" marginwidth=\"0\"\n\t\t\t\t\tsrc=\"https:\/\/maps.google.com\/maps?q=Monse%C3%B1or%20Jacinto%20Vera%201119%2C%2040000%20Rivera%2C%20Departamento%20de%20Rivera&#038;t=m&#038;z=16&#038;output=embed&#038;iwloc=near\"\n\t\t\t\t\ttitle=\"Monse\u00f1or Jacinto Vera 1119, 40000 Rivera, Departamento de Rivera\"\n\t\t\t\t\taria-label=\"Monse\u00f1or Jacinto Vera 1119, 40000 Rivera, Departamento de Rivera\"\n\t\t\t><\/iframe>\n\t\t<\/div>\n\t\t\t\t<\/div>\n\t\t\t\t<\/div>\n\t\t\t\t\t<\/div>\n\t\t<\/div>\n\t\t\t\t\t\t\t<\/div>\n\t\t<\/section>\n\t\t\t\t<section class=\"elementor-section elementor-top-section elementor-element elementor-element-2945b49 elementor-section-boxed elementor-section-gap-beside-yes elementor-section-height-default elementor-section-height-default elementor-section-column-vertical-align-stretch\" data-id=\"2945b49\" data-element_type=\"section\">\n\t\t\t\t\t\t<div class=\"elementor-container elementor-column-gap-extended\">\n\t\t\t\t\t<div class=\"elementor-column elementor-col-100 elementor-top-column elementor-element elementor-element-78ec428\" data-id=\"78ec428\" data-element_type=\"column\">\n\t\t\t<div class=\"elementor-widget-wrap elementor-element-populated\">\n\t\t\t\t\t\t\t\t<div class=\"elementor-element elementor-element-9a2d639 elementor-arrows-position-inside elementor-pagination-position-outside elementor-widget elementor-widget-image-carousel\" data-id=\"9a2d639\" data-element_type=\"widget\" data-settings=\"{&quot;navigation&quot;:&quot;both&quot;,&quot;autoplay&quot;:&quot;yes&quot;,&quot;pause_on_hover&quot;:&quot;yes&quot;,&quot;pause_on_interaction&quot;:&quot;yes&quot;,&quot;autoplay_speed&quot;:5000,&quot;infinite&quot;:&quot;yes&quot;,&quot;speed&quot;:500}\" data-widget_type=\"image-carousel.default\">\n\t\t\t\t<div class=\"elementor-widget-container\">\n\t\t\t<style>\/*! elementor - v3.5.6 - 28-02-2022 *\/\n.elementor-widget-image-carousel .swiper-container{position:static}.elementor-widget-image-carousel .swiper-container .swiper-slide figure{line-height:inherit}.elementor-widget-image-carousel .swiper-slide{text-align:center}.elementor-image-carousel-wrapper:not(.swiper-container-initialized) .swiper-slide{max-width:calc(100% \/ var(--e-image-carousel-slides-to-show, 3))}<\/style>\t\t<div class=\"elementor-image-carousel-wrapper swiper-container\" dir=\"ltr\">\n\t\t\t<div class=\"elementor-image-carousel swiper-wrapper\">\n\t\t\t\t\t\t\t\t<div class=\"swiper-slide\"><figure class=\"swiper-slide-inner\"><img decoding=\"async\" class=\"swiper-slide-image\" src=\"https:\/\/www.uruguay.edu.uy\/web\/wp-content\/uploads\/2021\/10\/instituto_uruguay_edu_1633294356453_0-500x300.jpg\" alt=\"instituto_uruguay_edu_1633294356453_0\" \/><\/figure><\/div><div class=\"swiper-slide\"><figure class=\"swiper-slide-inner\"><img decoding=\"async\" class=\"swiper-slide-image\" src=\"https:\/\/www.uruguay.edu.uy\/web\/wp-content\/uploads\/2021\/10\/instituto_uruguay_edu_1633294356456_1-500x300.jpg\" alt=\"instituto_uruguay_edu_1633294356456_1\" \/><\/figure><\/div><div class=\"swiper-slide\"><figure class=\"swiper-slide-inner\"><img decoding=\"async\" class=\"swiper-slide-image\" src=\"https:\/\/www.uruguay.edu.uy\/web\/wp-content\/uploads\/2021\/10\/instituto_uruguay_edu_1633294356456_2-500x300.jpg\" alt=\"instituto_uruguay_edu_1633294356456_2\" \/><\/figure><\/div><div class=\"swiper-slide\"><figure class=\"swiper-slide-inner\"><img decoding=\"async\" class=\"swiper-slide-image\" src=\"https:\/\/www.uruguay.edu.uy\/web\/wp-content\/uploads\/2021\/10\/instituto_uruguay_edu_1633294356460_4-500x300.jpg\" alt=\"instituto_uruguay_edu_1633294356460_4\" \/><\/figure><\/div><div class=\"swiper-slide\"><figure class=\"swiper-slide-inner\"><img decoding=\"async\" class=\"swiper-slide-image\" src=\"https:\/\/www.uruguay.edu.uy\/web\/wp-content\/uploads\/2021\/10\/instituto_uruguay_edu_1633294356463_5-500x300.jpg\" alt=\"instituto_uruguay_edu_1633294356463_5\" \/><\/figure><\/div><div class=\"swiper-slide\"><figure class=\"swiper-slide-inner\"><img decoding=\"async\" class=\"swiper-slide-image\" src=\"https:\/\/www.uruguay.edu.uy\/web\/wp-content\/uploads\/2021\/10\/instituto_uruguay_edu_1633294356464_6-500x300.jpg\" alt=\"instituto_uruguay_edu_1633294356464_6\" \/><\/figure><\/div><div class=\"swiper-slide\"><figure class=\"swiper-slide-inner\"><img decoding=\"async\" class=\"swiper-slide-image\" src=\"https:\/\/www.uruguay.edu.uy\/web\/wp-content\/uploads\/2021\/10\/instituto_uruguay_edu_1633294356465_8-500x300.jpg\" alt=\"instituto_uruguay_edu_1633294356465_8\" \/><\/figure><\/div><div class=\"swiper-slide\"><figure class=\"swiper-slide-inner\"><img decoding=\"async\" class=\"swiper-slide-image\" src=\"https:\/\/www.uruguay.edu.uy\/web\/wp-content\/uploads\/2021\/10\/instituto_uruguay_edu_1633294356465_7-500x300.jpg\" alt=\"instituto_uruguay_edu_1633294356465_7\" \/><\/figure><\/div>\t\t\t<\/div>\n\t\t\t\t\t\t\t\t\t\t\t\t<div class=\"swiper-pagination\"><\/div>\n\t\t\t\t\t\t\t\t\t\t\t\t\t<div class=\"elementor-swiper-button elementor-swiper-button-prev\">\n\t\t\t\t\t\t<i aria-hidden=\"true\" class=\"eicon-chevron-left\"><\/i>\t\t\t\t\t\t<span class=\"elementor-screen-only\">Anterior<\/span>\n\t\t\t\t\t<\/div>\n\t\t\t\t\t<div class=\"elementor-swiper-button elementor-swiper-button-next\">\n\t\t\t\t\t\t<i aria-hidden=\"true\" class=\"eicon-chevron-right\"><\/i>\t\t\t\t\t\t<span class=\"elementor-screen-only\">Siguiente<\/span>\n\t\t\t\t\t<\/div>\n\t\t\t\t\t\t\t\t\t<\/div>\n\t\t\t\t<\/div>\n\t\t\t\t<\/div>\n\t\t\t\t\t<\/div>\n\t\t<\/div>\n\t\t\t\t\t\t\t<\/div>\n\t\t<\/section>\n\t\t\t\t\t\t<\/div>\n\t\t\t\t\t<\/div>\n\t\t","protected":false},"excerpt":{"rendered":"<p>Quienes somos Uruguay.edu es una instituci\u00f3n educativa con sede en la ciudad de Rivera, con presencia en todo el departamento y en constante expansi\u00f3n, que busca brindar soluciones educativas de calidad y al alcance de todos. El compromiso institucional se pone de manifiesto con los alumnos y su entorno, generando un espacio de aprendizaje y desarrollo donde se estimula de forma permanente el inter\u00e9s por el conocimiento, brindando herramientas para el desarrollo personal, acompa\u00f1ando el proceso de crecimiento y orientando su formaci\u00f3n a la concreci\u00f3n y a la producci\u00f3n; con el equipo humano que la compone, generando un ambiente de trabajo din\u00e1mico y desafiante, estimulando su crecimiento y desarrollo, a la vez que reconociendo los valores intr\u00ednsecos de cada persona, m\u00e1s all\u00e1 de la funci\u00f3n que cumple; y con la sociedad, brindando posibilidades de educaci\u00f3n para todos, a trav\u00e9s del desarrollo de proyectos de incidencia tanto a nivel comunitario como de individuos. Nuestro cursos se caracterizan por ser 100% pr\u00e1cticos y enfocados a una r\u00e1pida inserci\u00f3n laboral, as\u00ed como el desarrollo tanto individual como empresarial de las peque\u00f1as y medianas empresas que nos eligen para capacitar a su personal. A lo largo de estos 6 a\u00f1os de experiencia hemos ido incorporando propuestas de estudios en las m\u00e1s diversas \u00e1reas para j\u00f3venes, ni\u00f1os y adultos fomentando el desarrollo individual y de nuestra comunidad. Anterior Siguiente<\/p>\n","protected":false},"author":1,"featured_media":0,"parent":0,"menu_order":0,"comment_status":"closed","ping_status":"closed","template":"","meta":{"footnotes":""},"class_list":["post-19525","page","type-page","status-publish","hentry","post-no-thumbnail"],"_links":{"self":[{"href":"https:\/\/www.uruguay.edu.uy\/web\/wp-json\/wp\/v2\/pages\/19525","targetHints":{"allow":["GET"]}}],"collection":[{"href":"https:\/\/www.uruguay.edu.uy\/web\/wp-json\/wp\/v2\/pages"}],"about":[{"href":"https:\/\/www.uruguay.edu.uy\/web\/wp-json\/wp\/v2\/types\/page"}],"author":[{"embeddable":true,"href":"https:\/\/www.uruguay.edu.uy\/web\/wp-json\/wp\/v2\/users\/1"}],"replies":[{"embeddable":true,"href":"https:\/\/www.uruguay.edu.uy\/web\/wp-json\/wp\/v2\/comments?post=19525"}],"version-history":[{"count":13,"href":"https:\/\/www.uruguay.edu.uy\/web\/wp-json\/wp\/v2\/pages\/19525\/revisions"}],"predecessor-version":[{"id":20126,"href":"https:\/\/www.uruguay.edu.uy\/web\/wp-json\/wp\/v2\/pages\/19525\/revisions\/20126"}],"wp:attachment":[{"href":"https:\/\/www.uruguay.edu.uy\/web\/wp-json\/wp\/v2\/media?parent=19525"}],"curies":[{"name":"wp","href":"https:\/\/api.w.org\/{rel}","templated":true}]}}